{"id":1454,"date":"2016-04-13T11:04:30","date_gmt":"2016-04-13T09:04:30","guid":{"rendered":"http:\/\/palinski.org\/?page_id=1454"},"modified":"2018-05-22T21:17:56","modified_gmt":"2018-05-22T19:17:56","slug":"areconfig","status":"publish","type":"page","link":"https:\/\/palinski.org\/?page_id=1454","title":{"rendered":"AreConfig &#8211; PL"},"content":{"rendered":"<h3><a href=\"https:\/\/palinski.org\/?page_id=1504\">For english version of this page click here<\/a><\/h3>\n<h3>AreConfig v 2.2<a href=\"https:\/\/palinski.org\/wp-content\/uploads\/2016\/04\/overview.png\"><br \/>\n<\/a><\/h3>\n<p><a href=\"https:\/\/palinski.org\/wp-content\/uploads\/2016\/04\/overview1.png\"><img loading=\"lazy\" decoding=\"async\" class=\"aligncenter size-full wp-image-1495\" src=\"https:\/\/palinski.org\/wp-content\/uploads\/2016\/04\/overview1.png\" alt=\"overview\" width=\"785\" height=\"443\" srcset=\"https:\/\/palinski.org\/wp-content\/uploads\/2016\/04\/overview1.png 785w, https:\/\/palinski.org\/wp-content\/uploads\/2016\/04\/overview1-150x85.png 150w, https:\/\/palinski.org\/wp-content\/uploads\/2016\/04\/overview1-300x169.png 300w, https:\/\/palinski.org\/wp-content\/uploads\/2016\/04\/overview1-768x433.png 768w\" sizes=\"auto, (max-width: 785px) 100vw, 785px\" \/><\/a><\/p>\n<p>AreConfig jest programem pozwalaj\u0105cym na zmian\u0119 opcji oraz kalibracj\u0119 rejestratora danych Arecorder. Program istnieje w dw\u00f3ch wersjach &#8211; przeznaczonej dla u\u017cytkownika Arecordera oraz w wersji kalibracyjnej.<\/p>\n<p>Areconfig umo\u017cliwia:<\/p>\n<ul>\n<li>zmian\u0119 wszystkich czterech zestaw\u00f3w konfiguracji &#8211; wysoko\u015bci, na kt\u00f3rej ma\u00a0zosta\u0107 wyzwolony spadochron g\u0142\u00f3wny, wysoko\u015bci wyrzutni, op\u00f3\u017anienie wyzwolenia drugiego stopnia rakiety oraz mo\u017cliwo\u015bci programowania pr\u0119dko\u015bci opadania rakiety koniecznej do zadzia\u0142ania awaryjnego wyzwalania spadochronu g\u0142\u00f3wnego lub jego wy\u0142\u0105czenia,<\/li>\n<li>przetestowanie wykrywania obecno\u015bci oraz wyzwalania zapalnik\u00f3w w kontrolowanych warunkach,<\/li>\n<li>zmian\u0119 danych w\u0142a\u015bciciela Arecordera,<\/li>\n<li>odczyt pomiar\u00f3w z akcelerometr\u00f3w, czujnika ci\u015bnienia, czujnika temperatury i napi\u0119cia zasilana oraz wyliczany na ich podstawie k\u0105t pochylenia Arecordera do pionu,<\/li>\n<li>kalibracj\u0119 akcelerometr\u00f3w oraz czujnika ci\u015bnienia (tylko wersja kalibracyjna),<\/li>\n<li>zmian\u0119 numeru seryjnego Arecordera (tylko wersja kalibracyjna).<\/li>\n<\/ul>\n<p><strong>Aktualny\u00a0program (dost\u0119pny tylko na system Windows):<\/strong><\/p>\n<p><a href=\"https:\/\/palinski.org\/files\/AreConfig_2016.06.11_user.zip\">AreConfig v 2016.04.11_user<\/a><\/p>\n<p><strong>Aktualna instrukcja:<\/strong><\/p>\n<p><a href=\"https:\/\/palinski.org\/files\/AreConfig_v2.2_2016.06.11.pdf\">AreConfig v 2.2, Instrukcja z dnia 2016.06.11<\/a><\/p>\n<p><strong>Sterowniki:<\/strong><\/p>\n<p><a href=\"https:\/\/palinski.org\/files\/Arecorder_drivers.zip\">Arecorder_drivers.zip<\/a><\/p>\n<p><strong>Przydatne linki:<\/strong><\/p>\n<p><a href=\"http:\/\/forum.rakiety.org.pl\/rejestrator-t1418.html\">W\u0105tek na forum.rakiety.org.pl dotycz\u0105cy Arecordera<\/a><\/p>\n<p><strong>Poprzednie wersje programu:<\/strong><\/p>\n<p><a href=\"https:\/\/palinski.org\/files\/AreConfig_2016.04.11_user.zip\">AreConfig v 2016.04.11_user<\/a><\/p>\n<p><strong>Poprzednie wersje instrukcji:<\/strong><\/p>\n<p><a href=\"https:\/\/palinski.org\/files\/AreConfig_v1.0_2016.04.12.pdf\">AreConfig v 1.0, Instrukcja z dnia 2016.04.12<\/a><\/p>\n<p>&nbsp;<\/p>\n<p>Wszelkie pytania, b\u0142\u0119dy i sugestie zmian dotycz\u0105ce Arecordera prosz\u0119 pisa\u0107 w komentarzach.<\/p>\n","protected":false},"excerpt":{"rendered":"<p>For english version of this page click here AreConfig v 2.2 AreConfig jest programem pozwalaj\u0105cym na zmian\u0119 opcji oraz kalibracj\u0119 rejestratora danych Arecorder. Program istnieje w dw\u00f3ch wersjach &#8211; przeznaczonej dla u\u017cytkownika Arecordera oraz w wersji kalibracyjnej. Areconfig umo\u017cliwia: zmian\u0119 wszystkich czterech zestaw\u00f3w konfiguracji &#8211; wysoko\u015bci, na kt\u00f3rej ma\u00a0zosta\u0107 wyzwolony spadochron g\u0142\u00f3wny, wysoko\u015bci wyrzutni, op\u00f3\u017anienie<\/p>\n<div><a class=\"btn-filled btn\" href=\"https:\/\/palinski.org\/?page_id=1454\" title=\"AreConfig &#8211; PL\">Read More<\/a><\/div>\n","protected":false},"author":1,"featured_media":0,"parent":0,"menu_order":0,"comment_status":"closed","ping_status":"closed","template":"","meta":{"footnotes":""},"class_list":["post-1454","page","type-page","status-publish","hentry"],"_links":{"self":[{"href":"https:\/\/palinski.org\/index.php?rest_route=\/wp\/v2\/pages\/1454","targetHints":{"allow":["GET"]}}],"collection":[{"href":"https:\/\/palinski.org\/index.php?rest_route=\/wp\/v2\/pages"}],"about":[{"href":"https:\/\/palinski.org\/index.php?rest_route=\/wp\/v2\/types\/page"}],"author":[{"embeddable":true,"href":"https:\/\/palinski.org\/index.php?rest_route=\/wp\/v2\/users\/1"}],"replies":[{"embeddable":true,"href":"https:\/\/palinski.org\/index.php?rest_route=%2Fwp%2Fv2%2Fcomments&post=1454"}],"version-history":[{"count":14,"href":"https:\/\/palinski.org\/index.php?rest_route=\/wp\/v2\/pages\/1454\/revisions"}],"predecessor-version":[{"id":2339,"href":"https:\/\/palinski.org\/index.php?rest_route=\/wp\/v2\/pages\/1454\/revisions\/2339"}],"wp:attachment":[{"href":"https:\/\/palinski.org\/index.php?rest_route=%2Fwp%2Fv2%2Fmedia&parent=1454"}],"curies":[{"name":"wp","href":"https:\/\/api.w.org\/{rel}","templated":true}]}}