{"id":807,"date":"2013-10-14T22:18:41","date_gmt":"2013-10-14T20:18:41","guid":{"rendered":"http:\/\/palinski.org\/?page_id=807"},"modified":"2018-05-22T21:18:06","modified_gmt":"2018-05-22T19:18:06","slug":"arecorder","status":"publish","type":"page","link":"https:\/\/palinski.org\/?page_id=807","title":{"rendered":"Arecorder &#8211; PL"},"content":{"rendered":"<h3><a href=\"https:\/\/palinski.org\/?page_id=981\">For english version of this page click here<\/a><\/h3>\n<h3>Arecorder v 2.2<\/h3>\n<p><a href=\"https:\/\/palinski.org\/wp-content\/uploads\/2013\/10\/Arecorder_1_mini1.jpg\"><img loading=\"lazy\" decoding=\"async\" class=\"aligncenter size-full wp-image-1490\" src=\"https:\/\/palinski.org\/wp-content\/uploads\/2013\/10\/Arecorder_1_mini1.jpg\" alt=\"Arecorder_1_mini\" width=\"850\" height=\"363\" srcset=\"https:\/\/palinski.org\/wp-content\/uploads\/2013\/10\/Arecorder_1_mini1.jpg 850w, https:\/\/palinski.org\/wp-content\/uploads\/2013\/10\/Arecorder_1_mini1-150x64.jpg 150w, https:\/\/palinski.org\/wp-content\/uploads\/2013\/10\/Arecorder_1_mini1-300x128.jpg 300w, https:\/\/palinski.org\/wp-content\/uploads\/2013\/10\/Arecorder_1_mini1-768x328.jpg 768w\" sizes=\"auto, (max-width: 850px) 100vw, 850px\" \/><\/a><\/p>\n<p>Arecorder jest urz\u0105dzeniem przeznaczonym do rejestrowania danych podczas lotu rakiety oraz wyzwalania zapalnik\u00f3w w okre\u015blonych chwilach. Urz\u0105dzenie jest przeznaczone do rakiet \u015brednich i du\u017cych, r\u00f3wnie\u017c dwustopniowych i nadd\u017awi\u0119kowych. Zastosowane algorytmy pozwalaj\u0105 na wykrycie sytuacji nietypowych (np. lot pod du\u017cym k\u0105tem) i odpowiednio na nie zareagowa\u0107 zmniejszaj\u0105c ryzyko zniszczenia rakiety.<\/p>\n<p>&nbsp;<\/p>\n<p><strong>Cechy Arecordera:<\/strong><\/p>\n<ul>\n<li>pomiar ci\u015bnienia w zakresie 0 &#8211; 110 kPa (w zakresie 50 &#8211; 110 kPa z dok\u0142adno\u015bci\u0105 100 Pa),<\/li>\n<li>pomiar przyspieszenia &#8211; trzy osie +- 24 g, jedna o\u015b (wzd\u0142u\u017c osi rakiety) +- 80 g,<\/li>\n<li>pomiar temperatury wewn\u0105trz rakiety w zakresie -50 do +130 \u00b0C,<\/li>\n<li>zapis danych na karcie micro SD,<\/li>\n<li>pr\u00f3bkowanie danych z cz\u0119stotliwo\u015bci\u0105 100 Hz,<\/li>\n<li>zaimplementowany filtr Kalmana do odszumienia pomiar\u00f3w ci\u015bnienia,<\/li>\n<li>wykrywanie i sygnalizowanie podpi\u0119tych zapalnik\u00f3w,<\/li>\n<li>wyzwalanie trzech zapalnik\u00f3w &#8211; dw\u00f3ch spadochron\u00f3w i drugiego stopnia rakiety,<\/li>\n<li>wyzwalanie spadochronu g\u0142\u00f3wnego po wykryciu awarii spadochronu-pilota,<\/li>\n<li>wykrywanie k\u0105ta pochylenia rakiety na wyrzutni,<\/li>\n<li>pomiar napi\u0119cia zasilania Arecordera,<\/li>\n<li>programowalny czas op\u00f3\u017anienia pomi\u0119dzy ko\u0144cem pracy pierwszego silnika a odpaleniem silnika drugiego stopnia,<\/li>\n<li>wyb\u00f3r jednego z czterech zestaw\u00f3w ustawie\u0144 pracy Arecordera,<\/li>\n<li>programowanie parametr\u00f3w konfiguracyjnych Arecordera oraz imienia, nazwiska i numeru telefonu w\u0142a\u015bciciela za pomoc\u0105 programu na komputerze PC,<\/li>\n<li>zapis podsumowania lotu w formie kilkunastu najwa\u017cniejszych parametr\u00f3w lotu.<\/li>\n<\/ul>\n<p><strong>Aktualna instrukcja:<\/strong><\/p>\n<p><a href=\"https:\/\/palinski.org\/files\/Arecorder_v.2.2_2016.07.30.pdf\">Arecorder v 2.2, Instrukcja z dnia 2016.07.30<\/a><\/p>\n<p><strong>Sterowniki:<\/strong><\/p>\n<p><a href=\"https:\/\/palinski.org\/files\/Arecorder_drivers.zip\">Arecorder_drivers.zip<\/a><\/p>\n<p><strong><br \/>\n<strong>Poprzednie wersje instrukcji:<\/strong><\/strong><\/p>\n<p><a href=\"https:\/\/palinski.org\/files\/Arecorder_v.2.2_2016.06.05.pdf\">Arecorder v 2.2, Instrukcja z dnia 2016.06.05<\/a><\/p>\n<p><a href=\"https:\/\/palinski.org\/files\/Arecorder_v.2.1_2015.05.04.pdf\">Arecorder v 2.1, Instrukcja z dnia 2015.05.04<\/a><\/p>\n<p><a href=\"https:\/\/palinski.org\/files\/Arecorder_v.2.1_2015.05.03.pdf\">Arecorder v 2.1, Instrukcja z dnia 2015.05.03<\/a><\/p>\n<p><a href=\"https:\/\/palinski.org\/files\/Arecorder_v.0.9_2014.03.16.pdf\">Arecorder v 0.9,\u00a0Instrukcja z dnia 2014.03.16<\/a><\/p>\n<p><a title=\"Arecorder v 0.9, Instrukcja z dnia 2013.12.27\" href=\"https:\/\/palinski.org\/files\/Arecorder_v.0.9_2013.12.27.pdf\">Arecorder v 0.9,\u00a0Instrukcja z dnia 2013.12.27<\/a><\/p>\n<p><a href=\"https:\/\/palinski.org\/files\/Arecorder_v.0.9_2013.09.18.pdf\">Arecorder v 0.9,\u00a0Instrukcja z dnia 2013.09.18<\/a><\/p>\n<p><strong>Przydatne linki:<\/strong><\/p>\n<p><a href=\"http:\/\/forum.rakiety.org.pl\/rejestrator-t1418.html\">W\u0105tek na forum.rakiety.org.pl dotycz\u0105cy Arecordera<\/a><\/p>\n<p>&nbsp;<\/p>\n<p>Wszelkie pytania, b\u0142\u0119dy i sugestie zmian dotycz\u0105ce Arecordera prosz\u0119 pisa\u0107 w komentarzach.<\/p>\n","protected":false},"excerpt":{"rendered":"<p>For english version of this page click here Arecorder v 2.2 Arecorder jest urz\u0105dzeniem przeznaczonym do rejestrowania danych podczas lotu rakiety oraz wyzwalania zapalnik\u00f3w w okre\u015blonych chwilach. Urz\u0105dzenie jest przeznaczone do rakiet \u015brednich i du\u017cych, r\u00f3wnie\u017c dwustopniowych i nadd\u017awi\u0119kowych. Zastosowane algorytmy pozwalaj\u0105 na wykrycie sytuacji nietypowych (np. lot pod du\u017cym k\u0105tem) i odpowiednio na nie<\/p>\n<div><a class=\"btn-filled btn\" href=\"https:\/\/palinski.org\/?page_id=807\" title=\"Arecorder &#8211; PL\">Read More<\/a><\/div>\n","protected":false},"author":1,"featured_media":0,"parent":0,"menu_order":0,"comment_status":"open","ping_status":"open","template":"","meta":{"footnotes":""},"class_list":["post-807","page","type-page","status-publish","hentry"],"_links":{"self":[{"href":"https:\/\/palinski.org\/index.php?rest_route=\/wp\/v2\/pages\/807","targetHints":{"allow":["GET"]}}],"collection":[{"href":"https:\/\/palinski.org\/index.php?rest_route=\/wp\/v2\/pages"}],"about":[{"href":"https:\/\/palinski.org\/index.php?rest_route=\/wp\/v2\/types\/page"}],"author":[{"embeddable":true,"href":"https:\/\/palinski.org\/index.php?rest_route=\/wp\/v2\/users\/1"}],"replies":[{"embeddable":true,"href":"https:\/\/palinski.org\/index.php?rest_route=%2Fwp%2Fv2%2Fcomments&post=807"}],"version-history":[{"count":35,"href":"https:\/\/palinski.org\/index.php?rest_route=\/wp\/v2\/pages\/807\/revisions"}],"predecessor-version":[{"id":2340,"href":"https:\/\/palinski.org\/index.php?rest_route=\/wp\/v2\/pages\/807\/revisions\/2340"}],"wp:attachment":[{"href":"https:\/\/palinski.org\/index.php?rest_route=%2Fwp%2Fv2%2Fmedia&parent=807"}],"curies":[{"name":"wp","href":"https:\/\/api.w.org\/{rel}","templated":true}]}}