{"id":9,"date":"2011-10-04T14:28:45","date_gmt":"2011-10-04T16:28:45","guid":{"rendered":"http:\/\/palinski.org\/?page_id=9"},"modified":"2025-12-02T18:41:52","modified_gmt":"2025-12-02T17:41:52","slug":"o-mnie","status":"publish","type":"page","link":"https:\/\/palinski.org\/?page_id=9","title":{"rendered":"O mnie"},"content":{"rendered":"<figure id=\"attachment_327\" class=\"thumbnail wp-caption alignleft style=\"width: 310px\"><a href=\"https:\/\/palinski.org\/?attachment_id=327\" rel=\"attachment wp-att-327\"><img loading=\"lazy\" decoding=\"async\" class=\"size-medium wp-image-327 \" title=\"20120425005_10_800px\" src=\"https:\/\/palinski.org\/wp-content\/uploads\/2011\/10\/20120425005_10_800px-300x225.jpg\" alt=\"\" width=\"300\" height=\"225\" srcset=\"https:\/\/palinski.org\/wp-content\/uploads\/2011\/10\/20120425005_10_800px-300x225.jpg 300w, https:\/\/palinski.org\/wp-content\/uploads\/2011\/10\/20120425005_10_800px-150x113.jpg 150w, https:\/\/palinski.org\/wp-content\/uploads\/2011\/10\/20120425005_10_800px-768x576.jpg 768w, https:\/\/palinski.org\/wp-content\/uploads\/2011\/10\/20120425005_10_800px.jpg 800w\" sizes=\"auto, (max-width: 300px) 100vw, 300px\" \/><\/a><figcaption class=\"caption wp-caption-text\">Fot: Micha\u0142 Drygalski i Krzysztof P\u0119kalski<\/figcaption><\/figure>\n<p>Nazywam si\u0119 Arkadiusz Pali\u0144ski.<\/p>\n<p>Profesjonalnie zajmuj\u0119 si\u0119 elektronik\u0105, amatorsko fotografi\u0105.<\/p>\n<p>Na stronie znajduje si\u0119 kilka projekt\u00f3w elektronicznych; o ile upubliczni\u0142em schematy oraz projekty p\u0142ytek PCB, s\u0105 one dost\u0119pne do \u015bci\u0105gni\u0119cia dla ka\u017cdego, jak r\u00f3wnie\u017c modyfikowania i dostosowywania do w\u0142asnych potrzeb.<\/p>\n<p>Znajduje si\u0119 r\u00f3wnie\u017c tutaj troch\u0119 zdj\u0119\u0107 mojego autorstwa &#8211; u\u017cywanie ich do jakichkolwiek cel\u00f3w jest zabronione (je\u015bli jednak mimo wszystko chcesz kt\u00f3re\u015b zdj\u0119cie do czego\u015b wykorzysta\u0107, skontaktuj si\u0119 ze mn\u0105).<\/p>\n<p>Wsp\u00f3\u0142pracuj\u0119 r\u00f3wnie\u017c z modelarzami rakietowymi &#8211; mo\u017cna skontaktowa\u0107 si\u0119 z nimi poprzez <a title=\"forum\" href=\"http:\/\/rakiety.org.pl\/forum\/\">forum<\/a>.<\/p>\n<p>Kontakt:<\/p>\n<p>mail: arekpalinski@gmail.com<!--:--><\/p>\n","protected":false},"excerpt":{"rendered":"<p>Nazywam si\u0119 Arkadiusz Pali\u0144ski. Profesjonalnie zajmuj\u0119 si\u0119 elektronik\u0105, amatorsko fotografi\u0105. Na stronie znajduje si\u0119 kilka projekt\u00f3w elektronicznych; o ile upubliczni\u0142em schematy oraz projekty p\u0142ytek PCB, s\u0105 one dost\u0119pne do \u015bci\u0105gni\u0119cia dla ka\u017cdego, jak r\u00f3wnie\u017c modyfikowania i dostosowywania do w\u0142asnych potrzeb. Znajduje si\u0119 r\u00f3wnie\u017c tutaj troch\u0119 zdj\u0119\u0107 mojego autorstwa &#8211; u\u017cywanie ich do jakichkolwiek cel\u00f3w jest<\/p>\n<div><a class=\"btn-filled btn\" href=\"https:\/\/palinski.org\/?page_id=9\" title=\"O mnie\">Read More<\/a><\/div>\n","protected":false},"author":1,"featured_media":0,"parent":0,"menu_order":0,"comment_status":"open","ping_status":"open","template":"","meta":{"footnotes":""},"class_list":["post-9","page","type-page","status-publish","hentry"],"_links":{"self":[{"href":"https:\/\/palinski.org\/index.php?rest_route=\/wp\/v2\/pages\/9","targetHints":{"allow":["GET"]}}],"collection":[{"href":"https:\/\/palinski.org\/index.php?rest_route=\/wp\/v2\/pages"}],"about":[{"href":"https:\/\/palinski.org\/index.php?rest_route=\/wp\/v2\/types\/page"}],"author":[{"embeddable":true,"href":"https:\/\/palinski.org\/index.php?rest_route=\/wp\/v2\/users\/1"}],"replies":[{"embeddable":true,"href":"https:\/\/palinski.org\/index.php?rest_route=%2Fwp%2Fv2%2Fcomments&post=9"}],"version-history":[{"count":11,"href":"https:\/\/palinski.org\/index.php?rest_route=\/wp\/v2\/pages\/9\/revisions"}],"predecessor-version":[{"id":4769,"href":"https:\/\/palinski.org\/index.php?rest_route=\/wp\/v2\/pages\/9\/revisions\/4769"}],"wp:attachment":[{"href":"https:\/\/palinski.org\/index.php?rest_route=%2Fwp%2Fv2%2Fmedia&parent=9"}],"curies":[{"name":"wp","href":"https:\/\/api.w.org\/{rel}","templated":true}]}}